{"id":5094,"date":"2022-09-28T10:18:36","date_gmt":"2022-09-28T10:18:36","guid":{"rendered":"https:\/\/goodtimers.brink.si\/?page_id=5094"},"modified":"2022-11-23T09:48:47","modified_gmt":"2022-11-23T09:48:47","slug":"o-nas","status":"publish","type":"page","link":"https:\/\/goodtimers.si\/de\/o-nas\/","title":{"rendered":"\u00dcber uns"},"content":{"rendered":"<div data-elementor-type=\"wp-page\" data-elementor-id=\"5094\" class=\"elementor elementor-5094\" data-elementor-post-type=\"page\">\n\t\t\t\t\t\t<section class=\"elementor-section elementor-top-section elementor-element elementor-element-a3b693d elementor-section-full_width elementor-section-height-min-height elementor-section-items-stretch elementor-section-height-default\" data-id=\"a3b693d\" data-element_type=\"section\">\n\t\t\t\t\t\t<div class=\"elementor-container elementor-column-gap-default\">\n\t\t\t\t\t<div class=\"elementor-column elementor-col-50 elementor-top-column elementor-element elementor-element-ea033bb\" data-id=\"ea033bb\" data-element_type=\"column\">\n\t\t\t<div class=\"elementor-widget-wrap elementor-element-populated\">\n\t\t\t\t\t\t<div class=\"elementor-element elementor-element-5b93b33 elementor-widget elementor-widget-spacer\" data-id=\"5b93b33\" data-element_type=\"widget\" data-widget_type=\"spacer.default\">\n\t\t\t\t<div class=\"elementor-widget-container\">\n\t\t\t\t\t\t\t<div class=\"elementor-spacer\">\n\t\t\t<div class=\"elementor-spacer-inner\"><\/div>\n\t\t<\/div>\n\t\t\t\t\t\t<\/div>\n\t\t\t\t<\/div>\n\t\t\t\t<div class=\"elementor-element elementor-element-bc1cae7 elementor-widget__width-initial elementor-widget elementor-widget-heading\" data-id=\"bc1cae7\" data-element_type=\"widget\" data-widget_type=\"heading.default\">\n\t\t\t\t<div class=\"elementor-widget-container\">\n\t\t\t\t\t<h2 class=\"elementor-heading-title elementor-size-default\">\u00dcber uns <\/h2>\t\t\t\t<\/div>\n\t\t\t\t<\/div>\n\t\t\t\t<div class=\"elementor-element elementor-element-3085c04 elementor-widget elementor-widget-spacer\" data-id=\"3085c04\" data-element_type=\"widget\" data-widget_type=\"spacer.default\">\n\t\t\t\t<div class=\"elementor-widget-container\">\n\t\t\t\t\t\t\t<div class=\"elementor-spacer\">\n\t\t\t<div class=\"elementor-spacer-inner\"><\/div>\n\t\t<\/div>\n\t\t\t\t\t\t<\/div>\n\t\t\t\t<\/div>\n\t\t\t\t<div class=\"elementor-element elementor-element-7ad0aa6 elementor-widget__width-initial elementor-widget elementor-widget-text-editor\" data-id=\"7ad0aa6\" data-element_type=\"widget\" data-widget_type=\"text-editor.default\">\n\t\t\t\t<div class=\"elementor-widget-container\">\n\t\t\t\t\t\t\t\t\t<p>Unsere Leidenschaft sind Oldtimer.<\/p><p>Wir sind verliebt in ihre zeitlose Sch\u00f6nheit und staunen \u00fcber die ausgekl\u00fcgelte technische Perfektion unter den Hauben.<\/p><p>Das Fahren eines echten Klassikers ist f\u00fcr einen Enthusiasten ein unvergessliches Erlebnis, und der Besitz eines Oldtimers ist eine ausgezeichnete langfristige Investition. Manche Dinge werden mit der Zeit einfach immer besser. Deshalb glauben wir, dass unsere Oldtimer nicht alt sind und ihre beste Zeit noch kommen wird.<\/p><p>Mit einer sorgf\u00e4ltigen Auswahl der besten (Premium-) anerkannten Meisterwerke der Automobilgeschichte bieten wir Ihnen die M\u00f6glichkeit, den Traum Ihres Lebens zu besitzen und zu erleben. Ein hervorragend erhaltener und gepflegter Oldtimer, im Kern ein echter GOODTIMER.<\/p>\t\t\t\t\t\t\t\t<\/div>\n\t\t\t\t<\/div>\n\t\t\t\t<div class=\"elementor-element elementor-element-b3bd151 elementor-widget elementor-widget-spacer\" data-id=\"b3bd151\" data-element_type=\"widget\" data-widget_type=\"spacer.default\">\n\t\t\t\t<div class=\"elementor-widget-container\">\n\t\t\t\t\t\t\t<div class=\"elementor-spacer\">\n\t\t\t<div class=\"elementor-spacer-inner\"><\/div>\n\t\t<\/div>\n\t\t\t\t\t\t<\/div>\n\t\t\t\t<\/div>\n\t\t\t\t<div class=\"elementor-element elementor-element-194da9f elementor-widget__width-initial elementor-hidden-mobile elementor-widget elementor-widget-image\" data-id=\"194da9f\" data-element_type=\"widget\" data-widget_type=\"image.default\">\n\t\t\t\t<div class=\"elementor-widget-container\">\n\t\t\t\t\t\t\t\t\t\t\t\t\t\t\t<img fetchpriority=\"high\" decoding=\"async\" width=\"330\" height=\"285\" src=\"https:\/\/goodtimers.si\/wp-content\/uploads\/2022\/09\/goodtimersLogo_330px.png\" class=\"attachment-large size-large wp-image-5109\" alt=\"\" srcset=\"https:\/\/goodtimers.si\/wp-content\/uploads\/2022\/09\/goodtimersLogo_330px.png 330w, https:\/\/goodtimers.si\/wp-content\/uploads\/2022\/09\/goodtimersLogo_330px-300x259.png 300w\" sizes=\"(max-width: 330px) 100vw, 330px\" \/>\t\t\t\t\t\t\t\t\t\t\t\t\t\t\t<\/div>\n\t\t\t\t<\/div>\n\t\t\t\t\t<\/div>\n\t\t<\/div>\n\t\t\t\t<div class=\"elementor-column elementor-col-50 elementor-top-column elementor-element elementor-element-c7dcb33\" data-id=\"c7dcb33\" data-element_type=\"column\" data-settings=\"{&quot;background_background&quot;:&quot;classic&quot;}\">\n\t\t\t<div class=\"elementor-widget-wrap elementor-element-populated\">\n\t\t\t\t\t\t<div class=\"elementor-element elementor-element-6308e3b elementor-widget elementor-widget-spacer\" data-id=\"6308e3b\" data-element_type=\"widget\" data-widget_type=\"spacer.default\">\n\t\t\t\t<div class=\"elementor-widget-container\">\n\t\t\t\t\t\t\t<div class=\"elementor-spacer\">\n\t\t\t<div class=\"elementor-spacer-inner\"><\/div>\n\t\t<\/div>\n\t\t\t\t\t\t<\/div>\n\t\t\t\t<\/div>\n\t\t\t\t\t<\/div>\n\t\t<\/div>\n\t\t\t\t\t<\/div>\n\t\t<\/section>\n\t\t\t\t<section class=\"elementor-section elementor-top-section elementor-element elementor-element-c401244 elementor-section-full_width elementor-section-height-default elementor-section-height-default\" data-id=\"c401244\" data-element_type=\"section\">\n\t\t\t\t\t\t<div class=\"elementor-container elementor-column-gap-default\">\n\t\t\t\t\t<div class=\"elementor-column elementor-col-100 elementor-top-column elementor-element elementor-element-cceeaf3\" data-id=\"cceeaf3\" data-element_type=\"column\">\n\t\t\t<div class=\"elementor-widget-wrap elementor-element-populated\">\n\t\t\t\t\t\t<div class=\"elementor-element elementor-element-44a1349 elementor-widget elementor-widget-google_maps\" data-id=\"44a1349\" data-element_type=\"widget\" data-widget_type=\"google_maps.default\">\n\t\t\t\t<div class=\"elementor-widget-container\">\n\t\t\t\t\t\t\t<div class=\"elementor-custom-embed\">\n\t\t\t<iframe loading=\"lazy\"\n\t\t\t\t\tsrc=\"https:\/\/maps.google.com\/maps?q=Gosposvetska%20c.%2084&#038;t=m&#038;z=14&#038;output=embed&#038;iwloc=near\"\n\t\t\t\t\ttitle=\"Gosposvetska c. 84\"\n\t\t\t\t\taria-label=\"Gosposvetska c. 84\"\n\t\t\t><\/iframe>\n\t\t<\/div>\n\t\t\t\t\t\t<\/div>\n\t\t\t\t<\/div>\n\t\t\t\t\t<\/div>\n\t\t<\/div>\n\t\t\t\t\t<\/div>\n\t\t<\/section>\n\t\t\t\t<\/div>","protected":false},"excerpt":{"rendered":"<p>\u00dcber uns Unsere Leidenschaft sind Oldtimer. Wir sind verliebt in ihre zeitlose Sch\u00f6nheit und voller Ehrfurcht vor der genialen technischen Perfektion unter den Hauben. Das Fahren eines echten Klassikers ist f\u00fcr einen Liebhaber ein unvergessliches Erlebnis und der Besitz eines Oldtimers ist eine hervorragende langfristige Investition. Manche Dinge werden mit der Zeit einfach immer besser. Deshalb glauben wir, dass unsere Oldtimer nicht [\u2026]<\/p>","protected":false},"author":1,"featured_media":0,"parent":0,"menu_order":0,"comment_status":"closed","ping_status":"closed","template":"","meta":{"footnotes":""},"class_list":["post-5094","page","type-page","status-publish","hentry"],"_links":{"self":[{"href":"https:\/\/goodtimers.si\/de\/wp-json\/wp\/v2\/pages\/5094","targetHints":{"allow":["GET"]}}],"collection":[{"href":"https:\/\/goodtimers.si\/de\/wp-json\/wp\/v2\/pages"}],"about":[{"href":"https:\/\/goodtimers.si\/de\/wp-json\/wp\/v2\/types\/page"}],"author":[{"embeddable":true,"href":"https:\/\/goodtimers.si\/de\/wp-json\/wp\/v2\/users\/1"}],"replies":[{"embeddable":true,"href":"https:\/\/goodtimers.si\/de\/wp-json\/wp\/v2\/comments?post=5094"}],"version-history":[{"count":9,"href":"https:\/\/goodtimers.si\/de\/wp-json\/wp\/v2\/pages\/5094\/revisions"}],"predecessor-version":[{"id":5706,"href":"https:\/\/goodtimers.si\/de\/wp-json\/wp\/v2\/pages\/5094\/revisions\/5706"}],"wp:attachment":[{"href":"https:\/\/goodtimers.si\/de\/wp-json\/wp\/v2\/media?parent=5094"}],"curies":[{"name":"wp","href":"https:\/\/api.w.org\/{rel}","templated":true}]}}