{"id":3960,"date":"2022-09-26T23:03:01","date_gmt":"2022-09-26T23:03:01","guid":{"rendered":"https:\/\/goodtimers.brink.si\/?page_id=3960"},"modified":"2022-09-28T17:26:32","modified_gmt":"2022-09-28T17:26:32","slug":"investicije","status":"publish","type":"page","link":"https:\/\/goodtimers.si\/de\/investicije\/","title":{"rendered":"Investitionen"},"content":{"rendered":"<div data-elementor-type=\"wp-page\" data-elementor-id=\"3960\" class=\"elementor elementor-3960\" data-elementor-post-type=\"page\">\n\t\t\t\t\t\t<section class=\"elementor-section elementor-top-section elementor-element elementor-element-2a588903 elementor-section-full_width elementor-section-height-min-height elementor-section-height-default elementor-section-items-middle\" data-id=\"2a588903\" data-element_type=\"section\" data-settings=\"{&quot;background_background&quot;:&quot;classic&quot;}\">\n\t\t\t\t\t\t\t<div class=\"elementor-background-overlay\"><\/div>\n\t\t\t\t\t\t\t<div class=\"elementor-container elementor-column-gap-default\">\n\t\t\t\t\t<div class=\"elementor-column elementor-col-100 elementor-top-column elementor-element elementor-element-7399cffe\" data-id=\"7399cffe\" data-element_type=\"column\">\n\t\t\t<div class=\"elementor-widget-wrap\">\n\t\t\t\t\t\t\t<\/div>\n\t\t<\/div>\n\t\t\t\t\t<\/div>\n\t\t<\/section>\n\t\t\t\t<section class=\"elementor-section elementor-top-section elementor-element elementor-element-3903ea83 elementor-section-boxed elementor-section-height-default elementor-section-height-default\" data-id=\"3903ea83\" data-element_type=\"section\">\n\t\t\t\t\t\t<div class=\"elementor-container elementor-column-gap-default\">\n\t\t\t\t\t<div class=\"elementor-column elementor-col-50 elementor-top-column elementor-element elementor-element-798f546d\" data-id=\"798f546d\" data-element_type=\"column\" data-settings=\"{&quot;background_background&quot;:&quot;classic&quot;}\">\n\t\t\t<div class=\"elementor-widget-wrap elementor-element-populated\">\n\t\t\t\t\t\t<div class=\"elementor-element elementor-element-cdb9ce9 elementor-widget elementor-widget-heading\" data-id=\"cdb9ce9\" data-element_type=\"widget\" data-widget_type=\"heading.default\">\n\t\t\t\t<div class=\"elementor-widget-container\">\n\t\t\t\t\t<h2 class=\"elementor-heading-title elementor-size-default\">Investitionen<\/h2>\t\t\t\t<\/div>\n\t\t\t\t<\/div>\n\t\t\t\t<div class=\"elementor-element elementor-element-34da4a2 elementor-widget elementor-widget-text-editor\" data-id=\"34da4a2\" data-element_type=\"widget\" data-widget_type=\"text-editor.default\">\n\t\t\t\t<div class=\"elementor-widget-container\">\n\t\t\t\t\t\t\t\t\t<div dir=\"ltr\">Die meisten Autos verlieren an Wert, sobald sie aus dem Autohaus fahren, aber Oldtimer gewinnen aufgrund ihrer Seltenheit mit der Zeit an Wert. \u00a0<br \/>Obwohl Oldtimer fr\u00fcher als recht riskant galten, sind sie in den letzten Jahren immer beliebter und eine lohnende Investition geworden. Mit einer endlichen Anzahl von produzierten Beispielen\u00a0<\/div><div dir=\"ltr\">und Modelle, die von Jahr zu Jahr immer seltener werden, w\u00e4chst die \u00fcberwiegende Mehrheit der Investment-Grade-Oldtimer immer weiter.\u00a0<\/div><div dir=\"ltr\">\u00a0<\/div><div dir=\"ltr\">Lassen Sie sich von unserem Verkaufsspezialisten beraten und finden Sie gemeinsam das f\u00fcr Sie am besten geeignete Fahrzeug.<br \/><br \/>Haben Sie in unserem aktuellen Bestand nicht gefunden, was Sie suchen? Lassen Sie uns Ihnen helfen, Ihr Traumauto zu finden!<br \/>F\u00fcllen Sie einfach das untenstehende Formular aus und unsere Vertriebsmitarbeiter werden sich mit Ihnen in Verbindung setzen. Seien Sie der Erste, der Ihr Traumauto bekommt!<\/div><div dir=\"ltr\">\u00a0<\/div>\t\t\t\t\t\t\t\t<\/div>\n\t\t\t\t<\/div>\n\t\t\t\t<div class=\"elementor-element elementor-element-87402cc elementor-widget elementor-widget-button\" data-id=\"87402cc\" data-element_type=\"widget\" data-widget_type=\"button.default\">\n\t\t\t\t<div class=\"elementor-widget-container\">\n\t\t\t\t\t\t\t\t\t<div class=\"elementor-button-wrapper\">\n\t\t\t\t\t<a class=\"elementor-button elementor-button-link elementor-size-sm elementor-animation-sink\" href=\"\/de\/cars\/\">\n\t\t\t\t\t\t<span class=\"elementor-button-content-wrapper\">\n\t\t\t\t\t\t\t\t\t<span class=\"elementor-button-text\">Kauf von Autos auf Lager<\/span>\n\t\t\t\t\t<\/span>\n\t\t\t\t\t<\/a>\n\t\t\t\t<\/div>\n\t\t\t\t\t\t\t\t<\/div>\n\t\t\t\t<\/div>\n\t\t\t\t\t<\/div>\n\t\t<\/div>\n\t\t\t\t<div class=\"elementor-column elementor-col-50 elementor-top-column elementor-element elementor-element-93424d8\" data-id=\"93424d8\" data-element_type=\"column\" data-settings=\"{&quot;background_background&quot;:&quot;classic&quot;}\">\n\t\t\t<div class=\"elementor-widget-wrap elementor-element-populated\">\n\t\t\t\t\t\t<div class=\"elementor-element elementor-element-dec3c98 elementor-widget elementor-widget-heading\" data-id=\"dec3c98\" data-element_type=\"widget\" data-widget_type=\"heading.default\">\n\t\t\t\t<div class=\"elementor-widget-container\">\n\t\t\t\t\t<h2 class=\"elementor-heading-title elementor-size-default\">Wir finden, was Sie suchen!<\/h2>\t\t\t\t<\/div>\n\t\t\t\t<\/div>\n\t\t\t\t<div class=\"elementor-element elementor-element-d9b513a elementor-widget elementor-widget-jet-engine-booking-form\" data-id=\"d9b513a\" data-element_type=\"widget\" data-widget_type=\"jet-engine-booking-form.default\">\n\t\t\t\t<div class=\"elementor-widget-container\">\n\t\t\t\t\t<form  class=\"jet-form layout-column submit-type-reload\" action=\"\/de\/wp-json\/wp\/v2\/pages\/3960?jet_engine_action=book&#038;nocache=1775606091\" method=\"POST\" data-form-id=\"5518\" data-trp-original-action=\"\/de\/wp-json\/wp\/v2\/pages\/3960?jet_engine_action=book&#038;nocache=1775606091\"><input class=\"jet-form__field hidden-field\" type=\"hidden\" name=\"_jet_engine_booking_form_id\" value=\"5518\" data-field-name=\"_jet_engine_booking_form_id\"><input class=\"jet-form__field hidden-field\" type=\"hidden\" name=\"_jet_engine_refer\" value=\"https:\/\/goodtimers.si\/de\/wp-json\/wp\/v2\/pages\/3960\" data-field-name=\"_jet_engine_refer\"><div  class=\"jet-form-row jet-form-row--first-visible\"><div class=\"jet-form-col jet-form-col-6  field-type-text  jet-form-field-container\" data-field=\"Ime\" data-conditional=\"false\"><input class=\"jet-form__field text-field\" placeholder=\"Name\" value=\"\" required=\"required\" name=\"Ime\" id=\"Ime\" type=\"text\" data-field-name=\"Ime\"><\/div><div class=\"jet-form-col jet-form-col-6  field-type-text  jet-form-field-container\" data-field=\"Priimek\" data-conditional=\"false\"><input class=\"jet-form__field text-field\" placeholder=\"Nachname\" value=\"\" required=\"required\" name=\"Priimek\" id=\"Priimek\" type=\"text\" data-field-name=\"Priimek\"><\/div><\/div><div  class=\"jet-form-row\"><div class=\"jet-form-col jet-form-col-12  field-type-text  jet-form-field-container\" data-field=\"Email\" data-conditional=\"false\"><input class=\"jet-form__field text-field\" placeholder=\"Email\" value=\"\" required=\"required\" name=\"Email\" id=\"Email\" type=\"email\" data-field-name=\"Email\"><\/div><\/div><div  class=\"jet-form-row\"><div class=\"jet-form-col jet-form-col-12  field-type-text  jet-form-field-container\" data-field=\"Ime vozila\" data-conditional=\"false\"><input class=\"jet-form__field text-field\" placeholder=\"Fahrzeugname\" value=\"\" required=\"required\" name=\"Ime vozila\" id=\"Ime vozila\" type=\"text\" data-field-name=\"Ime vozila\"><\/div><\/div><div  class=\"jet-form-row\"><div class=\"jet-form-col jet-form-col-12  field-type-range size jet-form-field-container\" data-field=\"field_name\" data-conditional=\"false\"><div class=\"jet-form__field-wrap range-wrap\">\n\t<input type=\"range\" class=\"jet-form__field range-field\" value=\"25000\" min=\"100\" max=\"250000\" step=\"10\" name=\"field_name\" data-field-name=\"field_name\" id=\"field_name\">\n\n\t<div class=\"jet-form__field-value range-value\">\n\t\t\t\t<span class=\"jet-form__field-value-number\"><\/span>\n\t\t\t\t\t<span class=\"jet-form__field-value-suffix\">\u20ac<\/span>\n\t\t\t<\/div>\n<\/div><\/div><\/div><div  class=\"jet-form-row\"><div class=\"jet-form-col jet-form-col-12  field-type-textarea  jet-form-field-container\" data-field=\"Sporo\u010dilo\" data-conditional=\"false\"><textarea class=\"jet-form__field textarea-field\" placeholder=\"Nachricht\" name=\"Sporo\u010dilo\" data-field-name=\"Sporo\u010dilo\" id=\"Sporo\u010dilo\"><\/textarea><\/div><\/div><div  class=\"jet-form-row jet-form-row--submit\"><div class=\"jet-form-col jet-form-col-12  field-type-submit  jet-form-field-container\" data-field=\"Submit\" data-conditional=\"false\"><div class=\"jet-form__submit-wrap\">\n\t\t<button class=\"jet-form__submit submit-type-reload\" type=\"submit\">Senden Sie eine Anfrage<\/button>\n<\/div><\/div><\/div><input class=\"jet-form__field hidden-field\" type=\"hidden\" name=\"_jet_engine_nonce\" value=\"8bbc9881e7\" data-field-name=\"_jet_engine_nonce\"><input type=\"hidden\" name=\"trp-form-language\" value=\"de\"\/><\/form>\t\t\t\t<\/div>\n\t\t\t\t<\/div>\n\t\t\t\t\t<\/div>\n\t\t<\/div>\n\t\t\t\t\t<\/div>\n\t\t<\/section>\n\t\t\t\t<section class=\"elementor-section elementor-top-section elementor-element elementor-element-c8b7883 elementor-section-boxed elementor-section-height-default elementor-section-height-default\" data-id=\"c8b7883\" data-element_type=\"section\">\n\t\t\t\t\t\t<div class=\"elementor-container elementor-column-gap-default\">\n\t\t\t\t\t<div class=\"elementor-column elementor-col-100 elementor-top-column elementor-element elementor-element-d06278f\" data-id=\"d06278f\" data-element_type=\"column\">\n\t\t\t<div class=\"elementor-widget-wrap elementor-element-populated\">\n\t\t\t\t\t\t<div class=\"elementor-element elementor-element-5acb9c1 elementor-widget elementor-widget-gallery\" data-id=\"5acb9c1\" data-element_type=\"widget\" data-settings=\"{&quot;lazyload&quot;:&quot;yes&quot;,&quot;gallery_layout&quot;:&quot;grid&quot;,&quot;columns&quot;:4,&quot;columns_tablet&quot;:2,&quot;columns_mobile&quot;:1,&quot;gap&quot;:{&quot;unit&quot;:&quot;px&quot;,&quot;size&quot;:10,&quot;sizes&quot;:[]},&quot;gap_tablet&quot;:{&quot;unit&quot;:&quot;px&quot;,&quot;size&quot;:10,&quot;sizes&quot;:[]},&quot;gap_mobile&quot;:{&quot;unit&quot;:&quot;px&quot;,&quot;size&quot;:10,&quot;sizes&quot;:[]},&quot;link_to&quot;:&quot;file&quot;,&quot;aspect_ratio&quot;:&quot;3:2&quot;,&quot;overlay_background&quot;:&quot;yes&quot;,&quot;content_hover_animation&quot;:&quot;fade-in&quot;}\" data-widget_type=\"gallery.default\">\n\t\t\t\t<div class=\"elementor-widget-container\">\n\t\t\t\t\t\t\t<div class=\"elementor-gallery__container\">\n\t\t\t\t\t\t\t<a class=\"e-gallery-item elementor-gallery-item elementor-animated-content\" href=\"https:\/\/goodtimers.si\/wp-content\/uploads\/2022\/09\/goodtimers_junij_2022-3.jpg\" data-elementor-open-lightbox=\"yes\" data-elementor-lightbox-slideshow=\"5acb9c1\" data-elementor-lightbox-title=\"goodtimers_junij_2022-3\" data-e-action-hash=\"#elementor-action%3Aaction%3Dlightbox%26settings%3DeyJpZCI6NDIzNiwidXJsIjoiaHR0cHM6XC9cL2dvb2R0aW1lcnMuc2lcL3dwLWNvbnRlbnRcL3VwbG9hZHNcLzIwMjJcLzA5XC9nb29kdGltZXJzX2p1bmlqXzIwMjItMy5qcGciLCJzbGlkZXNob3ciOiI1YWNiOWMxIn0%3D\">\n\t\t\t\t\t<div class=\"e-gallery-image elementor-gallery-item__image\" data-thumbnail=\"https:\/\/goodtimers.si\/wp-content\/uploads\/2022\/09\/goodtimers_junij_2022-3-300x200.jpg\" data-width=\"300\" data-height=\"200\" aria-label=\"\" role=\"img\" ><\/div>\n\t\t\t\t\t\t\t\t\t\t\t<div class=\"elementor-gallery-item__overlay\"><\/div>\n\t\t\t\t\t\t\t\t\t\t\t\t\t\t<\/a>\n\t\t\t\t\t\t\t<a class=\"e-gallery-item elementor-gallery-item elementor-animated-content\" href=\"https:\/\/goodtimers.si\/wp-content\/uploads\/2022\/09\/goodtimers_junij_2022-2228.jpg\" data-elementor-open-lightbox=\"yes\" data-elementor-lightbox-slideshow=\"5acb9c1\" data-elementor-lightbox-title=\"goodtimers_junij_2022-2228\" data-e-action-hash=\"#elementor-action%3Aaction%3Dlightbox%26settings%3DeyJpZCI6NDE5NSwidXJsIjoiaHR0cHM6XC9cL2dvb2R0aW1lcnMuc2lcL3dwLWNvbnRlbnRcL3VwbG9hZHNcLzIwMjJcLzA5XC9nb29kdGltZXJzX2p1bmlqXzIwMjItMjIyOC5qcGciLCJzbGlkZXNob3ciOiI1YWNiOWMxIn0%3D\">\n\t\t\t\t\t<div class=\"e-gallery-image elementor-gallery-item__image\" data-thumbnail=\"https:\/\/goodtimers.si\/wp-content\/uploads\/2022\/09\/goodtimers_junij_2022-2228-300x200.jpg\" data-width=\"300\" data-height=\"200\" aria-label=\"\" role=\"img\" ><\/div>\n\t\t\t\t\t\t\t\t\t\t\t<div class=\"elementor-gallery-item__overlay\"><\/div>\n\t\t\t\t\t\t\t\t\t\t\t\t\t\t<\/a>\n\t\t\t\t\t\t\t<a class=\"e-gallery-item elementor-gallery-item elementor-animated-content\" href=\"https:\/\/goodtimers.si\/wp-content\/uploads\/2022\/09\/goodtimers_junij_2022-2167.jpg\" data-elementor-open-lightbox=\"yes\" data-elementor-lightbox-slideshow=\"5acb9c1\" data-elementor-lightbox-title=\"goodtimers_junij_2022-2167\" data-e-action-hash=\"#elementor-action%3Aaction%3Dlightbox%26settings%3DeyJpZCI6NDEzNCwidXJsIjoiaHR0cHM6XC9cL2dvb2R0aW1lcnMuc2lcL3dwLWNvbnRlbnRcL3VwbG9hZHNcLzIwMjJcLzA5XC9nb29kdGltZXJzX2p1bmlqXzIwMjItMjE2Ny5qcGciLCJzbGlkZXNob3ciOiI1YWNiOWMxIn0%3D\">\n\t\t\t\t\t<div class=\"e-gallery-image elementor-gallery-item__image\" data-thumbnail=\"https:\/\/goodtimers.si\/wp-content\/uploads\/2022\/09\/goodtimers_junij_2022-2167-300x200.jpg\" data-width=\"300\" data-height=\"200\" aria-label=\"\" role=\"img\" ><\/div>\n\t\t\t\t\t\t\t\t\t\t\t<div class=\"elementor-gallery-item__overlay\"><\/div>\n\t\t\t\t\t\t\t\t\t\t\t\t\t\t<\/a>\n\t\t\t\t\t\t\t<a class=\"e-gallery-item elementor-gallery-item elementor-animated-content\" href=\"https:\/\/goodtimers.si\/wp-content\/uploads\/2022\/09\/goodtimers_junij_2022-2116.jpg\" data-elementor-open-lightbox=\"yes\" data-elementor-lightbox-slideshow=\"5acb9c1\" data-elementor-lightbox-title=\"goodtimers_junij_2022-2116\" data-e-action-hash=\"#elementor-action%3Aaction%3Dlightbox%26settings%3DeyJpZCI6NDA4MywidXJsIjoiaHR0cHM6XC9cL2dvb2R0aW1lcnMuc2lcL3dwLWNvbnRlbnRcL3VwbG9hZHNcLzIwMjJcLzA5XC9nb29kdGltZXJzX2p1bmlqXzIwMjItMjExNi5qcGciLCJzbGlkZXNob3ciOiI1YWNiOWMxIn0%3D\">\n\t\t\t\t\t<div class=\"e-gallery-image elementor-gallery-item__image\" data-thumbnail=\"https:\/\/goodtimers.si\/wp-content\/uploads\/2022\/09\/goodtimers_junij_2022-2116-300x200.jpg\" data-width=\"300\" data-height=\"200\" aria-label=\"\" role=\"img\" ><\/div>\n\t\t\t\t\t\t\t\t\t\t\t<div class=\"elementor-gallery-item__overlay\"><\/div>\n\t\t\t\t\t\t\t\t\t\t\t\t\t\t<\/a>\n\t\t\t\t\t\t\t<a class=\"e-gallery-item elementor-gallery-item elementor-animated-content\" href=\"https:\/\/goodtimers.si\/wp-content\/uploads\/2022\/09\/goodtimers_junij_2022-1968.jpg\" data-elementor-open-lightbox=\"yes\" data-elementor-lightbox-slideshow=\"5acb9c1\" data-elementor-lightbox-title=\"goodtimers_junij_2022-1968\" data-e-action-hash=\"#elementor-action%3Aaction%3Dlightbox%26settings%3DeyJpZCI6Mzc4MywidXJsIjoiaHR0cHM6XC9cL2dvb2R0aW1lcnMuc2lcL3dwLWNvbnRlbnRcL3VwbG9hZHNcLzIwMjJcLzA5XC9nb29kdGltZXJzX2p1bmlqXzIwMjItMTk2OC5qcGciLCJzbGlkZXNob3ciOiI1YWNiOWMxIn0%3D\">\n\t\t\t\t\t<div class=\"e-gallery-image elementor-gallery-item__image\" data-thumbnail=\"https:\/\/goodtimers.si\/wp-content\/uploads\/2022\/09\/goodtimers_junij_2022-1968-300x200.jpg\" data-width=\"300\" data-height=\"200\" aria-label=\"\" role=\"img\" ><\/div>\n\t\t\t\t\t\t\t\t\t\t\t<div class=\"elementor-gallery-item__overlay\"><\/div>\n\t\t\t\t\t\t\t\t\t\t\t\t\t\t<\/a>\n\t\t\t\t\t\t\t<a class=\"e-gallery-item elementor-gallery-item elementor-animated-content\" href=\"https:\/\/goodtimers.si\/wp-content\/uploads\/2022\/09\/goodtimers_junij_2022-1920.jpg\" data-elementor-open-lightbox=\"yes\" data-elementor-lightbox-slideshow=\"5acb9c1\" data-elementor-lightbox-title=\"goodtimers_junij_2022-1920\" data-e-action-hash=\"#elementor-action%3Aaction%3Dlightbox%26settings%3DeyJpZCI6MzczNSwidXJsIjoiaHR0cHM6XC9cL2dvb2R0aW1lcnMuc2lcL3dwLWNvbnRlbnRcL3VwbG9hZHNcLzIwMjJcLzA5XC9nb29kdGltZXJzX2p1bmlqXzIwMjItMTkyMC5qcGciLCJzbGlkZXNob3ciOiI1YWNiOWMxIn0%3D\">\n\t\t\t\t\t<div class=\"e-gallery-image elementor-gallery-item__image\" data-thumbnail=\"https:\/\/goodtimers.si\/wp-content\/uploads\/2022\/09\/goodtimers_junij_2022-1920-300x200.jpg\" data-width=\"300\" data-height=\"200\" aria-label=\"\" role=\"img\" ><\/div>\n\t\t\t\t\t\t\t\t\t\t\t<div class=\"elementor-gallery-item__overlay\"><\/div>\n\t\t\t\t\t\t\t\t\t\t\t\t\t\t<\/a>\n\t\t\t\t\t\t\t<a class=\"e-gallery-item elementor-gallery-item elementor-animated-content\" href=\"https:\/\/goodtimers.si\/wp-content\/uploads\/2022\/09\/goodtimers_junij_2022-1873.jpg\" data-elementor-open-lightbox=\"yes\" data-elementor-lightbox-slideshow=\"5acb9c1\" data-elementor-lightbox-title=\"goodtimers_junij_2022-1873\" data-e-action-hash=\"#elementor-action%3Aaction%3Dlightbox%26settings%3DeyJpZCI6MzY4OCwidXJsIjoiaHR0cHM6XC9cL2dvb2R0aW1lcnMuc2lcL3dwLWNvbnRlbnRcL3VwbG9hZHNcLzIwMjJcLzA5XC9nb29kdGltZXJzX2p1bmlqXzIwMjItMTg3My5qcGciLCJzbGlkZXNob3ciOiI1YWNiOWMxIn0%3D\">\n\t\t\t\t\t<div class=\"e-gallery-image elementor-gallery-item__image\" data-thumbnail=\"https:\/\/goodtimers.si\/wp-content\/uploads\/2022\/09\/goodtimers_junij_2022-1873-300x200.jpg\" data-width=\"300\" data-height=\"200\" aria-label=\"\" role=\"img\" ><\/div>\n\t\t\t\t\t\t\t\t\t\t\t<div class=\"elementor-gallery-item__overlay\"><\/div>\n\t\t\t\t\t\t\t\t\t\t\t\t\t\t<\/a>\n\t\t\t\t\t\t\t<a class=\"e-gallery-item elementor-gallery-item elementor-animated-content\" href=\"https:\/\/goodtimers.si\/wp-content\/uploads\/2022\/09\/goodtimers_junij_2022-1785.jpg\" data-elementor-open-lightbox=\"yes\" data-elementor-lightbox-slideshow=\"5acb9c1\" data-elementor-lightbox-title=\"goodtimers_junij_2022-1785\" data-e-action-hash=\"#elementor-action%3Aaction%3Dlightbox%26settings%3DeyJpZCI6MzYwMCwidXJsIjoiaHR0cHM6XC9cL2dvb2R0aW1lcnMuc2lcL3dwLWNvbnRlbnRcL3VwbG9hZHNcLzIwMjJcLzA5XC9nb29kdGltZXJzX2p1bmlqXzIwMjItMTc4NS5qcGciLCJzbGlkZXNob3ciOiI1YWNiOWMxIn0%3D\">\n\t\t\t\t\t<div class=\"e-gallery-image elementor-gallery-item__image\" data-thumbnail=\"https:\/\/goodtimers.si\/wp-content\/uploads\/2022\/09\/goodtimers_junij_2022-1785-300x200.jpg\" data-width=\"300\" data-height=\"200\" aria-label=\"\" role=\"img\" ><\/div>\n\t\t\t\t\t\t\t\t\t\t\t<div class=\"elementor-gallery-item__overlay\"><\/div>\n\t\t\t\t\t\t\t\t\t\t\t\t\t\t<\/a>\n\t\t\t\t\t<\/div>\n\t\t\t\t\t<\/div>\n\t\t\t\t<\/div>\n\t\t\t\t\t<\/div>\n\t\t<\/div>\n\t\t\t\t\t<\/div>\n\t\t<\/section>\n\t\t\t\t<\/div>","protected":false},"excerpt":{"rendered":"<p>Investitionen Die meisten Autos verlieren an Wert, sobald sie aus dem Ausstellungsraum genommen werden, aber Oldtimer gewinnen aufgrund ihrer Seltenheit mit der Zeit an Wert. Obwohl Oldtimer fr\u00fcher als recht riskant galten, erfreuen sie sich in den letzten Jahren immer gr\u00f6\u00dferer Beliebtheit und sind eine lohnende Investition. Da die Anzahl der produzierten Exemplare und Modelle, die von Jahr zu Jahr seltener werden, begrenzt ist, ist eine gro\u00dfe Anzahl [...]<\/p>","protected":false},"author":1,"featured_media":0,"parent":0,"menu_order":0,"comment_status":"closed","ping_status":"closed","template":"","meta":{"footnotes":""},"class_list":["post-3960","page","type-page","status-publish","hentry"],"_links":{"self":[{"href":"https:\/\/goodtimers.si\/de\/wp-json\/wp\/v2\/pages\/3960","targetHints":{"allow":["GET"]}}],"collection":[{"href":"https:\/\/goodtimers.si\/de\/wp-json\/wp\/v2\/pages"}],"about":[{"href":"https:\/\/goodtimers.si\/de\/wp-json\/wp\/v2\/types\/page"}],"author":[{"embeddable":true,"href":"https:\/\/goodtimers.si\/de\/wp-json\/wp\/v2\/users\/1"}],"replies":[{"embeddable":true,"href":"https:\/\/goodtimers.si\/de\/wp-json\/wp\/v2\/comments?post=3960"}],"version-history":[{"count":0,"href":"https:\/\/goodtimers.si\/de\/wp-json\/wp\/v2\/pages\/3960\/revisions"}],"wp:attachment":[{"href":"https:\/\/goodtimers.si\/de\/wp-json\/wp\/v2\/media?parent=3960"}],"curies":[{"name":"wp","href":"https:\/\/api.w.org\/{rel}","templated":true}]}}