{"id":3958,"date":"2022-09-26T23:02:54","date_gmt":"2022-09-26T23:02:54","guid":{"rendered":"https:\/\/goodtimers.brink.si\/?page_id=3958"},"modified":"2022-10-28T10:12:19","modified_gmt":"2022-10-28T10:12:19","slug":"delavnica","status":"publish","type":"page","link":"https:\/\/goodtimers.si\/de\/delavnica\/","title":{"rendered":"Werkstatt"},"content":{"rendered":"<div data-elementor-type=\"wp-page\" data-elementor-id=\"3958\" class=\"elementor elementor-3958\" data-elementor-post-type=\"page\">\n\t\t\t\t\t\t<section class=\"elementor-section elementor-top-section elementor-element elementor-element-c44f876 elementor-section-full_width elementor-section-height-min-height elementor-section-items-stretch elementor-reverse-mobile elementor-section-height-default\" data-id=\"c44f876\" data-element_type=\"section\">\n\t\t\t\t\t\t<div class=\"elementor-container elementor-column-gap-default\">\n\t\t\t\t\t<div class=\"elementor-column elementor-col-50 elementor-top-column elementor-element elementor-element-2d972f3\" data-id=\"2d972f3\" data-element_type=\"column\" data-settings=\"{&quot;background_background&quot;:&quot;classic&quot;}\">\n\t\t\t<div class=\"elementor-widget-wrap elementor-element-populated\">\n\t\t\t\t\t\t<div class=\"elementor-element elementor-element-0ae341c elementor-widget elementor-widget-spacer\" data-id=\"0ae341c\" data-element_type=\"widget\" data-widget_type=\"spacer.default\">\n\t\t\t\t<div class=\"elementor-widget-container\">\n\t\t\t\t\t\t\t<div class=\"elementor-spacer\">\n\t\t\t<div class=\"elementor-spacer-inner\"><\/div>\n\t\t<\/div>\n\t\t\t\t\t\t<\/div>\n\t\t\t\t<\/div>\n\t\t\t\t\t<\/div>\n\t\t<\/div>\n\t\t\t\t<div class=\"elementor-column elementor-col-50 elementor-top-column elementor-element elementor-element-fcce17b\" data-id=\"fcce17b\" data-element_type=\"column\" data-settings=\"{&quot;background_background&quot;:&quot;classic&quot;}\">\n\t\t\t<div class=\"elementor-widget-wrap elementor-element-populated\">\n\t\t\t\t\t\t<div class=\"elementor-element elementor-element-f5c70e0 naslovozadje elementor-absolute elementor-hidden-mobile elementor-widget elementor-widget-heading\" data-id=\"f5c70e0\" data-element_type=\"widget\" data-settings=\"{&quot;_position&quot;:&quot;absolute&quot;}\" data-widget_type=\"heading.default\">\n\t\t\t\t<div class=\"elementor-widget-container\">\n\t\t\t\t\t<h2 class=\"elementor-heading-title elementor-size-default\">Wartung<\/h2>\t\t\t\t<\/div>\n\t\t\t\t<\/div>\n\t\t\t\t<div class=\"elementor-element elementor-element-9428773 elementor-widget elementor-widget-heading\" data-id=\"9428773\" data-element_type=\"widget\" data-widget_type=\"heading.default\">\n\t\t\t\t<div class=\"elementor-widget-container\">\n\t\t\t\t\t<h2 class=\"elementor-heading-title elementor-size-default\">WARTUNG UND RESTAURIERUNG VON OLDTIMErn<\/h2>\t\t\t\t<\/div>\n\t\t\t\t<\/div>\n\t\t\t\t<div class=\"elementor-element elementor-element-b4efb5a elementor-widget__width-initial elementor-widget elementor-widget-text-editor\" data-id=\"b4efb5a\" data-element_type=\"widget\" data-widget_type=\"text-editor.default\">\n\t\t\t\t<div class=\"elementor-widget-container\">\n\t\t\t\t\t\t\t\t\t<p>F\u00fcr ein komplettes Angebot haben wir geschultes Personal, das daf\u00fcr sorgt, dass Ihr Fahrzeug einwandfrei ist. Der Salon mit mechanischer Werkstatt umfasst eine Fl\u00e4che von fast 500 Quadratmetern<br \/>Meter restauriertes Industrieerbe im Gesch\u00e4ftszentrum Meltal in Maribor.<\/p><p><strong>\u00d6FFNUNGSZEITEN<\/strong><br \/>Montag - Freitag: 8:00 - 15:00<br \/>Samstag, Sonntag und Feiertage: GESCHLOSSEN<\/p><p><strong>KONTAKT<\/strong><br \/>Toma\u017e Klobasa 040-289-623 oder 02 235 01 02<\/p><p><strong>TERMINRESERVIERUNG<\/strong><br \/><a href=\"mailto:info@goodtimers.com\" target=\"_blank\" rel=\"noopener\">info@goodtimers.com<\/a>\u00a0oder 02 235 01 02<\/p><p><strong>FINDE UNS<\/strong><br \/>Gosposvetska cesta 84, 2000 Maribor, Slowenien<\/p>\t\t\t\t\t\t\t\t<\/div>\n\t\t\t\t<\/div>\n\t\t\t\t<div class=\"elementor-element elementor-element-fc0885b elementor-widget elementor-widget-text-editor\" data-id=\"fc0885b\" data-element_type=\"widget\" data-widget_type=\"text-editor.default\">\n\t\t\t\t<div class=\"elementor-widget-container\">\n\t\t\t\t\t\t\t\t\t<p><a href=\"https:\/\/goodtimers.si\/de\/delavnica\/\">+ mehr lesen<\/a><\/p>\t\t\t\t\t\t\t\t<\/div>\n\t\t\t\t<\/div>\n\t\t\t\t\t<\/div>\n\t\t<\/div>\n\t\t\t\t\t<\/div>\n\t\t<\/section>\n\t\t\t\t<section class=\"elementor-section elementor-top-section elementor-element elementor-element-317bca7 elementor-section-boxed elementor-section-height-default elementor-section-height-default\" data-id=\"317bca7\" data-element_type=\"section\">\n\t\t\t\t\t\t<div class=\"elementor-container elementor-column-gap-default\">\n\t\t\t\t\t<div class=\"elementor-column elementor-col-100 elementor-top-column elementor-element elementor-element-7f3f323\" data-id=\"7f3f323\" data-element_type=\"column\">\n\t\t\t<div class=\"elementor-widget-wrap elementor-element-populated\">\n\t\t\t\t\t\t<div class=\"elementor-element elementor-element-a7c487f elementor-widget elementor-widget-gallery\" data-id=\"a7c487f\" data-element_type=\"widget\" data-settings=\"{&quot;columns&quot;:2,&quot;lazyload&quot;:&quot;yes&quot;,&quot;gallery_layout&quot;:&quot;grid&quot;,&quot;columns_tablet&quot;:2,&quot;columns_mobile&quot;:1,&quot;gap&quot;:{&quot;unit&quot;:&quot;px&quot;,&quot;size&quot;:10,&quot;sizes&quot;:[]},&quot;gap_tablet&quot;:{&quot;unit&quot;:&quot;px&quot;,&quot;size&quot;:10,&quot;sizes&quot;:[]},&quot;gap_mobile&quot;:{&quot;unit&quot;:&quot;px&quot;,&quot;size&quot;:10,&quot;sizes&quot;:[]},&quot;link_to&quot;:&quot;file&quot;,&quot;aspect_ratio&quot;:&quot;3:2&quot;,&quot;overlay_background&quot;:&quot;yes&quot;,&quot;content_hover_animation&quot;:&quot;fade-in&quot;}\" data-widget_type=\"gallery.default\">\n\t\t\t\t<div class=\"elementor-widget-container\">\n\t\t\t\t\t\t\t<div class=\"elementor-gallery__container\">\n\t\t\t\t\t\t\t<a class=\"e-gallery-item elementor-gallery-item elementor-animated-content\" href=\"https:\/\/goodtimers.si\/wp-content\/uploads\/2022\/10\/facebook_1664386899783_6980944631308148809.jpg\" data-elementor-open-lightbox=\"yes\" data-elementor-lightbox-slideshow=\"a7c487f\" data-elementor-lightbox-title=\"facebook_1664386899783_6980944631308148809\" data-e-action-hash=\"#elementor-action%3Aaction%3Dlightbox%26settings%3DeyJpZCI6NTY2NSwidXJsIjoiaHR0cHM6XC9cL2dvb2R0aW1lcnMuc2lcL3dwLWNvbnRlbnRcL3VwbG9hZHNcLzIwMjJcLzEwXC9mYWNlYm9va18xNjY0Mzg2ODk5NzgzXzY5ODA5NDQ2MzEzMDgxNDg4MDkuanBnIiwic2xpZGVzaG93IjoiYTdjNDg3ZiJ9\">\n\t\t\t\t\t<div class=\"e-gallery-image elementor-gallery-item__image\" data-thumbnail=\"https:\/\/goodtimers.si\/wp-content\/uploads\/2022\/10\/facebook_1664386899783_6980944631308148809-768x768.jpg\" data-width=\"768\" data-height=\"768\" aria-label=\"\" role=\"img\" ><\/div>\n\t\t\t\t\t\t\t\t\t\t\t<div class=\"elementor-gallery-item__overlay\"><\/div>\n\t\t\t\t\t\t\t\t\t\t\t\t\t\t<\/a>\n\t\t\t\t\t\t\t<a class=\"e-gallery-item elementor-gallery-item elementor-animated-content\" href=\"https:\/\/goodtimers.si\/wp-content\/uploads\/2022\/10\/FB_IMG_1664387153326.jpg\" data-elementor-open-lightbox=\"yes\" data-elementor-lightbox-slideshow=\"a7c487f\" data-elementor-lightbox-title=\"FB_IMG_1664387153326\" data-e-action-hash=\"#elementor-action%3Aaction%3Dlightbox%26settings%3DeyJpZCI6NTY2NCwidXJsIjoiaHR0cHM6XC9cL2dvb2R0aW1lcnMuc2lcL3dwLWNvbnRlbnRcL3VwbG9hZHNcLzIwMjJcLzEwXC9GQl9JTUdfMTY2NDM4NzE1MzMyNi5qcGciLCJzbGlkZXNob3ciOiJhN2M0ODdmIn0%3D\">\n\t\t\t\t\t<div class=\"e-gallery-image elementor-gallery-item__image\" data-thumbnail=\"https:\/\/goodtimers.si\/wp-content\/uploads\/2022\/10\/FB_IMG_1664387153326-768x768.jpg\" data-width=\"768\" data-height=\"768\" aria-label=\"\" role=\"img\" ><\/div>\n\t\t\t\t\t\t\t\t\t\t\t<div class=\"elementor-gallery-item__overlay\"><\/div>\n\t\t\t\t\t\t\t\t\t\t\t\t\t\t<\/a>\n\t\t\t\t\t\t\t<a class=\"e-gallery-item elementor-gallery-item elementor-animated-content\" href=\"https:\/\/goodtimers.si\/wp-content\/uploads\/2022\/10\/FB_IMG_1664387242035.jpg\" data-elementor-open-lightbox=\"yes\" data-elementor-lightbox-slideshow=\"a7c487f\" data-elementor-lightbox-title=\"FB_IMG_1664387242035\" data-e-action-hash=\"#elementor-action%3Aaction%3Dlightbox%26settings%3DeyJpZCI6NTY2MywidXJsIjoiaHR0cHM6XC9cL2dvb2R0aW1lcnMuc2lcL3dwLWNvbnRlbnRcL3VwbG9hZHNcLzIwMjJcLzEwXC9GQl9JTUdfMTY2NDM4NzI0MjAzNS5qcGciLCJzbGlkZXNob3ciOiJhN2M0ODdmIn0%3D\">\n\t\t\t\t\t<div class=\"e-gallery-image elementor-gallery-item__image\" data-thumbnail=\"https:\/\/goodtimers.si\/wp-content\/uploads\/2022\/10\/FB_IMG_1664387242035-768x776.jpg\" data-width=\"768\" data-height=\"776\" aria-label=\"\" role=\"img\" ><\/div>\n\t\t\t\t\t\t\t\t\t\t\t<div class=\"elementor-gallery-item__overlay\"><\/div>\n\t\t\t\t\t\t\t\t\t\t\t\t\t\t<\/a>\n\t\t\t\t\t\t\t<a class=\"e-gallery-item elementor-gallery-item elementor-animated-content\" href=\"https:\/\/goodtimers.si\/wp-content\/uploads\/2022\/10\/FB_IMG_1664387645394.jpg\" data-elementor-open-lightbox=\"yes\" data-elementor-lightbox-slideshow=\"a7c487f\" data-elementor-lightbox-title=\"FB_IMG_1664387645394\" data-e-action-hash=\"#elementor-action%3Aaction%3Dlightbox%26settings%3DeyJpZCI6NTY2MiwidXJsIjoiaHR0cHM6XC9cL2dvb2R0aW1lcnMuc2lcL3dwLWNvbnRlbnRcL3VwbG9hZHNcLzIwMjJcLzEwXC9GQl9JTUdfMTY2NDM4NzY0NTM5NC5qcGciLCJzbGlkZXNob3ciOiJhN2M0ODdmIn0%3D\">\n\t\t\t\t\t<div class=\"e-gallery-image elementor-gallery-item__image\" data-thumbnail=\"https:\/\/goodtimers.si\/wp-content\/uploads\/2022\/10\/FB_IMG_1664387645394-768x380.jpg\" data-width=\"768\" data-height=\"380\" aria-label=\"\" role=\"img\" ><\/div>\n\t\t\t\t\t\t\t\t\t\t\t<div class=\"elementor-gallery-item__overlay\"><\/div>\n\t\t\t\t\t\t\t\t\t\t\t\t\t\t<\/a>\n\t\t\t\t\t<\/div>\n\t\t\t\t\t<\/div>\n\t\t\t\t<\/div>\n\t\t\t\t\t<\/div>\n\t\t<\/div>\n\t\t\t\t\t<\/div>\n\t\t<\/section>\n\t\t\t\t<\/div>","protected":false},"excerpt":{"rendered":"<p>Wartung WARTUNG UND RESTAURIERUNG VON KLASSISCHEN AUTOS F\u00fcr ein umfassendes Angebot verf\u00fcgen wir \u00fcber qualifiziertes Personal, das daf\u00fcr sorgt, dass Ihr Fahrzeug einwandfrei ist. Der Salon mit mechanischer Werkstatt erstreckt sich \u00fcber fast 500 Quadratmeter restauriertes Industrieerbe im Gesch\u00e4ftszentrum Meltal in Maribor. \u00d6FFNUNGSZEITEN Montag \u2013 Freitag: 8:00 \u2013 15:00 Uhr Samstag, Sonntag und Feiertage: GESCHLOSSENER KONTAKT Toma\u017e Klobasa 040-289-623 oder 02 235 [\u2026]<\/p>","protected":false},"author":1,"featured_media":0,"parent":0,"menu_order":0,"comment_status":"closed","ping_status":"closed","template":"","meta":{"footnotes":""},"class_list":["post-3958","page","type-page","status-publish","hentry"],"_links":{"self":[{"href":"https:\/\/goodtimers.si\/de\/wp-json\/wp\/v2\/pages\/3958","targetHints":{"allow":["GET"]}}],"collection":[{"href":"https:\/\/goodtimers.si\/de\/wp-json\/wp\/v2\/pages"}],"about":[{"href":"https:\/\/goodtimers.si\/de\/wp-json\/wp\/v2\/types\/page"}],"author":[{"embeddable":true,"href":"https:\/\/goodtimers.si\/de\/wp-json\/wp\/v2\/users\/1"}],"replies":[{"embeddable":true,"href":"https:\/\/goodtimers.si\/de\/wp-json\/wp\/v2\/comments?post=3958"}],"version-history":[{"count":0,"href":"https:\/\/goodtimers.si\/de\/wp-json\/wp\/v2\/pages\/3958\/revisions"}],"wp:attachment":[{"href":"https:\/\/goodtimers.si\/de\/wp-json\/wp\/v2\/media?parent=3958"}],"curies":[{"name":"wp","href":"https:\/\/api.w.org\/{rel}","templated":true}]}}