{"id":1776,"date":"2022-09-26T16:07:22","date_gmt":"2022-09-26T16:07:22","guid":{"rendered":"https:\/\/goodtimers.brink.si\/?page_id=1776"},"modified":"2022-09-28T12:24:26","modified_gmt":"2022-09-28T12:24:26","slug":"pogosto-zastavljena-vprasanja","status":"publish","type":"page","link":"https:\/\/goodtimers.si\/de\/pogosto-zastavljena-vprasanja\/","title":{"rendered":"H\u00e4ufig gestellte Fragen"},"content":{"rendered":"<div data-elementor-type=\"wp-page\" data-elementor-id=\"1776\" class=\"elementor elementor-1776\" data-elementor-post-type=\"page\">\n\t\t\t\t\t\t<section class=\"elementor-section elementor-top-section elementor-element elementor-element-54e6fc2 elementor-section-boxed elementor-section-height-default elementor-section-height-default\" data-id=\"54e6fc2\" data-element_type=\"section\">\n\t\t\t\t\t\t<div class=\"elementor-container elementor-column-gap-default\">\n\t\t\t\t\t<div class=\"elementor-column elementor-col-100 elementor-top-column elementor-element elementor-element-8f243f1\" data-id=\"8f243f1\" data-element_type=\"column\">\n\t\t\t<div class=\"elementor-widget-wrap elementor-element-populated\">\n\t\t\t\t\t\t<div class=\"elementor-element elementor-element-1168b59 elementor-widget elementor-widget-heading\" data-id=\"1168b59\" data-element_type=\"widget\" data-widget_type=\"heading.default\">\n\t\t\t\t<div class=\"elementor-widget-container\">\n\t\t\t\t\t<h2 class=\"elementor-heading-title elementor-size-default\">H\u00e4ufig gestellte Fragen<\/h2>\t\t\t\t<\/div>\n\t\t\t\t<\/div>\n\t\t\t\t<div class=\"elementor-element elementor-element-036e9b3 elementor-widget elementor-widget-heading\" data-id=\"036e9b3\" data-element_type=\"widget\" data-widget_type=\"heading.default\">\n\t\t\t\t<div class=\"elementor-widget-container\">\n\t\t\t\t\t<h3 class=\"elementor-heading-title elementor-size-default\">Wo befinden Sie sich?<\/h3>\t\t\t\t<\/div>\n\t\t\t\t<\/div>\n\t\t\t\t<div class=\"elementor-element elementor-element-174c1a0 elementor-widget elementor-widget-text-editor\" data-id=\"174c1a0\" data-element_type=\"widget\" data-widget_type=\"text-editor.default\">\n\t\t\t\t<div class=\"elementor-widget-container\">\n\t\t\t\t\t\t\t\t\t<p>Der Salon mit Garage verteilt sich auf knapp 500 Quadratmeter restaurierter Industriekultur im Meltal Business Center<br \/>in Maribor, Gosposvetska cesta 84, 2000 Maribor, Slowenien.<\/p>\t\t\t\t\t\t\t\t<\/div>\n\t\t\t\t<\/div>\n\t\t\t\t<div class=\"elementor-element elementor-element-33ab624 elementor-widget elementor-widget-heading\" data-id=\"33ab624\" data-element_type=\"widget\" data-widget_type=\"heading.default\">\n\t\t\t\t<div class=\"elementor-widget-container\">\n\t\t\t\t\t<h3 class=\"elementor-heading-title elementor-size-default\">Warum sich f\u00fcr einen Oldtimer entscheiden?<\/h3>\t\t\t\t<\/div>\n\t\t\t\t<\/div>\n\t\t\t\t<div class=\"elementor-element elementor-element-20fb5c0 elementor-widget elementor-widget-text-editor\" data-id=\"20fb5c0\" data-element_type=\"widget\" data-widget_type=\"text-editor.default\">\n\t\t\t\t<div class=\"elementor-widget-container\">\n\t\t\t\t\t\t\t\t\t<p>Obwohl Oldtimer fr\u00fcher als recht riskant galten, sind sie in den letzten Jahren immer beliebter und eine lohnende Investition geworden.<br \/>Mit einer endlichen Anzahl gebauter Exemplare und Modellen, die jedes Jahr immer seltener werden, wird die \u00fcberwiegende Mehrheit der Oldtimer mit Investment-Grade immer beliebter.<\/p>\t\t\t\t\t\t\t\t<\/div>\n\t\t\t\t<\/div>\n\t\t\t\t<div class=\"elementor-element elementor-element-6d5d7af elementor-widget elementor-widget-heading\" data-id=\"6d5d7af\" data-element_type=\"widget\" data-widget_type=\"heading.default\">\n\t\t\t\t<div class=\"elementor-widget-container\">\n\t\t\t\t\t<h3 class=\"elementor-heading-title elementor-size-default\">Sie warten und restaurieren Oldtimer?<\/h3>\t\t\t\t<\/div>\n\t\t\t\t<\/div>\n\t\t\t\t<div class=\"elementor-element elementor-element-e6119b5 elementor-widget elementor-widget-text-editor\" data-id=\"e6119b5\" data-element_type=\"widget\" data-widget_type=\"text-editor.default\">\n\t\t\t\t<div class=\"elementor-widget-container\">\n\t\t\t\t\t\t\t\t\t<div dir=\"ltr\">Ja, wir warten und restaurieren Oldtimer.<\/div>\t\t\t\t\t\t\t\t<\/div>\n\t\t\t\t<\/div>\n\t\t\t\t<div class=\"elementor-element elementor-element-8816cc0 elementor-widget elementor-widget-heading\" data-id=\"8816cc0\" data-element_type=\"widget\" data-widget_type=\"heading.default\">\n\t\t\t\t<div class=\"elementor-widget-container\">\n\t\t\t\t\t<h3 class=\"elementor-heading-title elementor-size-default\">K\u00f6nnen Sie beim Kauf oder bei der Anmietung eines Fahrzeugs eine Lieferung arrangieren?<\/h3>\t\t\t\t<\/div>\n\t\t\t\t<\/div>\n\t\t\t\t<div class=\"elementor-element elementor-element-371056b elementor-widget elementor-widget-text-editor\" data-id=\"371056b\" data-element_type=\"widget\" data-widget_type=\"text-editor.default\">\n\t\t\t\t<div class=\"elementor-widget-container\">\n\t\t\t\t\t\t\t\t\t<p>Goodtimers bietet die Lieferung an den gew\u00fcnschten Ort an. Die Versandkosten werden nach der g\u00fcltigen Preisliste berechnet.<\/p>\t\t\t\t\t\t\t\t<\/div>\n\t\t\t\t<\/div>\n\t\t\t\t<div class=\"elementor-element elementor-element-9108d9a elementor-widget elementor-widget-heading\" data-id=\"9108d9a\" data-element_type=\"widget\" data-widget_type=\"heading.default\">\n\t\t\t\t<div class=\"elementor-widget-container\">\n\t\t\t\t\t<h3 class=\"elementor-heading-title elementor-size-default\">Wie sind die Arbeitszeiten Ihres Salons?\n<\/h3>\t\t\t\t<\/div>\n\t\t\t\t<\/div>\n\t\t\t\t<div class=\"elementor-element elementor-element-5e91be4 elementor-widget elementor-widget-text-editor\" data-id=\"5e91be4\" data-element_type=\"widget\" data-widget_type=\"text-editor.default\">\n\t\t\t\t<div class=\"elementor-widget-container\">\n\t\t\t\t\t\t\t\t\t<p>Wir empfehlen Ihnen, die Einzelheiten des Salonbetriebs direkt unter der Telefonnummer zu \u00fcberpr\u00fcfen<br \/>02 235 01 02<\/p>\t\t\t\t\t\t\t\t<\/div>\n\t\t\t\t<\/div>\n\t\t\t\t<div class=\"elementor-element elementor-element-a0931fd elementor-widget elementor-widget-heading\" data-id=\"a0931fd\" data-element_type=\"widget\" data-widget_type=\"heading.default\">\n\t\t\t\t<div class=\"elementor-widget-container\">\n\t\t\t\t\t<h3 class=\"elementor-heading-title elementor-size-default\">\u00d6ffnungszeiten?<\/h3>\t\t\t\t<\/div>\n\t\t\t\t<\/div>\n\t\t\t\t<div class=\"elementor-element elementor-element-53ea752 elementor-widget elementor-widget-text-editor\" data-id=\"53ea752\" data-element_type=\"widget\" data-widget_type=\"text-editor.default\">\n\t\t\t\t<div class=\"elementor-widget-container\">\n\t\t\t\t\t\t\t\t\t<p>Montag - Freitag: 8:00 - 15:00<br \/>Samstag, Sonntag und Feiertage: GESCHLOSSEN<\/p>\t\t\t\t\t\t\t\t<\/div>\n\t\t\t\t<\/div>\n\t\t\t\t\t<\/div>\n\t\t<\/div>\n\t\t\t\t\t<\/div>\n\t\t<\/section>\n\t\t\t\t<\/div>","protected":false},"excerpt":{"rendered":"<p>H\u00e4ufig gestellte Fragen Wo sind Sie ans\u00e4ssig? Der Salon mit Garage erstreckt sich \u00fcber fast 500 Quadratmeter restauriertes Industrieerbe im Business Center Meltalv Maribor an der Adresse Gosposvetska cesta 84, 2000 Maribor, Slowenien. Warum sollten Sie sich f\u00fcr den Kauf eines Oldtimers entscheiden? Obwohl Oldtimer fr\u00fcher als recht riskant galten, sind sie in den letzten Jahren immer mehr in den Hintergrund ger\u00fcckt.<\/p>","protected":false},"author":1,"featured_media":0,"parent":0,"menu_order":0,"comment_status":"closed","ping_status":"closed","template":"","meta":{"footnotes":""},"class_list":["post-1776","page","type-page","status-publish","hentry"],"_links":{"self":[{"href":"https:\/\/goodtimers.si\/de\/wp-json\/wp\/v2\/pages\/1776","targetHints":{"allow":["GET"]}}],"collection":[{"href":"https:\/\/goodtimers.si\/de\/wp-json\/wp\/v2\/pages"}],"about":[{"href":"https:\/\/goodtimers.si\/de\/wp-json\/wp\/v2\/types\/page"}],"author":[{"embeddable":true,"href":"https:\/\/goodtimers.si\/de\/wp-json\/wp\/v2\/users\/1"}],"replies":[{"embeddable":true,"href":"https:\/\/goodtimers.si\/de\/wp-json\/wp\/v2\/comments?post=1776"}],"version-history":[{"count":0,"href":"https:\/\/goodtimers.si\/de\/wp-json\/wp\/v2\/pages\/1776\/revisions"}],"wp:attachment":[{"href":"https:\/\/goodtimers.si\/de\/wp-json\/wp\/v2\/media?parent=1776"}],"curies":[{"name":"wp","href":"https:\/\/api.w.org\/{rel}","templated":true}]}}