{"id":1771,"date":"2022-09-26T16:03:55","date_gmt":"2022-09-26T16:03:55","guid":{"rendered":"https:\/\/goodtimers.brink.si\/?page_id=1771"},"modified":"2022-09-28T12:38:20","modified_gmt":"2022-09-28T12:38:20","slug":"pravno-obvestilo","status":"publish","type":"page","link":"https:\/\/goodtimers.si\/de\/pravno-obvestilo\/","title":{"rendered":"Impressum"},"content":{"rendered":"<div data-elementor-type=\"wp-page\" data-elementor-id=\"1771\" class=\"elementor elementor-1771\" data-elementor-post-type=\"page\">\n\t\t\t\t\t\t<section class=\"elementor-section elementor-top-section elementor-element elementor-element-b9eb2a8 elementor-section-boxed elementor-section-height-default elementor-section-height-default\" data-id=\"b9eb2a8\" data-element_type=\"section\">\n\t\t\t\t\t\t<div class=\"elementor-container elementor-column-gap-default\">\n\t\t\t\t\t<div class=\"elementor-column elementor-col-100 elementor-top-column elementor-element elementor-element-30cc3d0\" data-id=\"30cc3d0\" data-element_type=\"column\">\n\t\t\t<div class=\"elementor-widget-wrap elementor-element-populated\">\n\t\t\t\t\t\t<div class=\"elementor-element elementor-element-cab3468 elementor-widget elementor-widget-heading\" data-id=\"cab3468\" data-element_type=\"widget\" data-widget_type=\"heading.default\">\n\t\t\t\t<div class=\"elementor-widget-container\">\n\t\t\t\t\t<h2 class=\"elementor-heading-title elementor-size-default\">Impressum\n<\/h2>\t\t\t\t<\/div>\n\t\t\t\t<\/div>\n\t\t\t\t<div class=\"elementor-element elementor-element-a66bd4b elementor-widget elementor-widget-heading\" data-id=\"a66bd4b\" data-element_type=\"widget\" data-widget_type=\"heading.default\">\n\t\t\t\t<div class=\"elementor-widget-container\">\n\t\t\t\t\t<h3 class=\"elementor-heading-title elementor-size-default\">Allgemeine Gesch\u00e4ftsbedingungen\n\n<\/h3>\t\t\t\t<\/div>\n\t\t\t\t<\/div>\n\t\t\t\t<div class=\"elementor-element elementor-element-97e147f elementor-widget elementor-widget-text-editor\" data-id=\"97e147f\" data-element_type=\"widget\" data-widget_type=\"text-editor.default\">\n\t\t\t\t<div class=\"elementor-widget-container\">\n\t\t\t\t\t\t\t\t\t<ol><li>Meltal Rado Sne\u017ei\u010d doo deckt die Aktivit\u00e4ten der Wartung, Lagerung, des Kaufs, der Vermietung und aller Arten von Werbung f\u00fcr Oldtimer im Rahmen der Marke GOODTIMERS\u2122, des Meltal Business Centers und dar\u00fcber hinaus ab.<\/li><li>Die wesentlichen Merkmale der einzelnen GOODTIMERS\u2122-Fahrzeuge und ihrer Teile sind in der Beschreibung des jeweiligen Fahrzeugs definiert.<\/li><li>Alle Preise sind in Euro und enthalten die gesetzliche Mehrwertsteuer, sofern nicht ausdr\u00fccklich anders angegeben.<\/li><li>Meltal Rado Sne\u017ei\u010d doo beh\u00e4lt sich das Recht vor, die Preise der Waren und Dienstleistungen zu \u00e4ndern.<\/li><li>Meltal Rado Sne\u017ei\u010d d.o.o. beh\u00e4lt sich das Recht vor, die Termine f\u00fcr die Anmietung eines Oldtimers oder den Besuch des Salons GOODTIMERS\u2122 aus Gr\u00fcnden h\u00f6herer Gewalt zu stornieren.<\/li><li>Pr\u00e4sentationsfotos von Produkten k\u00f6nnen Symbolcharakter haben und geben die tats\u00e4chliche Situation nicht immer vollst\u00e4ndig wieder.<\/li><\/ol>\t\t\t\t\t\t\t\t<\/div>\n\t\t\t\t<\/div>\n\t\t\t\t<div class=\"elementor-element elementor-element-9d4d795 elementor-widget elementor-widget-heading\" data-id=\"9d4d795\" data-element_type=\"widget\" data-widget_type=\"heading.default\">\n\t\t\t\t<div class=\"elementor-widget-container\">\n\t\t\t\t\t<h3 class=\"elementor-heading-title elementor-size-default\">pers\u00f6nliche Daten\n\n<\/h3>\t\t\t\t<\/div>\n\t\t\t\t<\/div>\n\t\t\t\t<div class=\"elementor-element elementor-element-1bd6b22 elementor-widget elementor-widget-text-editor\" data-id=\"1bd6b22\" data-element_type=\"widget\" data-widget_type=\"text-editor.default\">\n\t\t\t\t<div class=\"elementor-widget-container\">\n\t\t\t\t\t\t\t\t\t<ol><li>Mit den vom Benutzer zum Zweck der Anmietung eines Oldtimers oder des Besuchs des GOODTIMERS\u2122-Showrooms im Meltal Business Center bereitgestellten Informationen erkl\u00e4rt sich der Benutzer damit einverstanden, dass das Unternehmen Meltal Rado Sne\u017ei\u010d doo die Sammlung der gesammelten personenbezogenen Daten verwaltet, pflegt, speichert und kontrolliert gem\u00e4\u00df dem Gesetz zum Schutz personenbezogener Daten (ZVOP-1-UPB1, Ur. l. RS, Nr. 94\/2007), dass seine personenbezogenen Daten gespeichert, verarbeitet und in Verkaufs- und Marketingprozessen verwendet werden. Eine Einzelperson kann den Erhalt von Inhalten jederzeit einfach abbestellen, indem sie eine E-Mail an info@goodtimers.com oder info@meltal.si sendet.<\/li><li>Meltal Rado Sne\u017ei\u010d d.o.o. f\u00fcgt die M\u00f6glichkeit hinzu, Foto- oder Videoaufnahmen von Fahrzeugen, dem Salon GOODTIMERS\u2122 und allen Personen, die zuf\u00e4llig in einem individuellen Rahmen enthalten sind, zu ver\u00f6ffentlichen. Die auf den Websites www.goodtimers.com und Meltal.si pr\u00e4sentierten Videos werden zum Zwecke der Bewerbung und Pr\u00e4sentation der GOODTIMERS\u2122-Produkte des Meltal Business Centers ver\u00f6ffentlicht. Die Aufnahmen werden ausschlie\u00dflich auf den Websites und Profilen in den sozialen Netzwerken von GOODTIMERS\u2122 und dem Meltal Business Center ver\u00f6ffentlicht.<\/li><\/ol>\t\t\t\t\t\t\t\t<\/div>\n\t\t\t\t<\/div>\n\t\t\t\t<div class=\"elementor-element elementor-element-306ee96 elementor-widget elementor-widget-heading\" data-id=\"306ee96\" data-element_type=\"widget\" data-widget_type=\"heading.default\">\n\t\t\t\t<div class=\"elementor-widget-container\">\n\t\t\t\t\t<h3 class=\"elementor-heading-title elementor-size-default\">Verantwortlichkeiten\n\n<\/h3>\t\t\t\t<\/div>\n\t\t\t\t<\/div>\n\t\t\t\t<div class=\"elementor-element elementor-element-4660dcd elementor-widget elementor-widget-text-editor\" data-id=\"4660dcd\" data-element_type=\"widget\" data-widget_type=\"text-editor.default\">\n\t\t\t\t<div class=\"elementor-widget-container\">\n\t\t\t\t\t\t\t\t\t<ol><li>Jeder Besucher des Salons GOODTIMERS\u2122 ist f\u00fcr die Einhaltung der in der Republik Slowenien geltenden Gesetze und Vorschriften verantwortlich.<\/li><li>Der Besuch des GOODTIMERS\u2122 Salons ist nur unter professioneller F\u00fchrung m\u00f6glich. Verbindliche vorherige Terminbuchung.<\/li><li>Besucher sind f\u00fcr jegliche Sch\u00e4den an den ausgestellten Fahrzeugen und Ausr\u00fcstungen im GOODTIMERS\u2122 Showroom verantwortlich.<\/li><li>Das Rauchen ist im Salon GOODTIMERS\u2122 nicht gestattet.<\/li><\/ol>\t\t\t\t\t\t\t\t<\/div>\n\t\t\t\t<\/div>\n\t\t\t\t<div class=\"elementor-element elementor-element-bf0f8f0 elementor-widget elementor-widget-heading\" data-id=\"bf0f8f0\" data-element_type=\"widget\" data-widget_type=\"heading.default\">\n\t\t\t\t<div class=\"elementor-widget-container\">\n\t\t\t\t\t<h3 class=\"elementor-heading-title elementor-size-default\">Website\n\n<\/h3>\t\t\t\t<\/div>\n\t\t\t\t<\/div>\n\t\t\t\t<div class=\"elementor-element elementor-element-63236d5 elementor-widget elementor-widget-text-editor\" data-id=\"63236d5\" data-element_type=\"widget\" data-widget_type=\"text-editor.default\">\n\t\t\t\t<div class=\"elementor-widget-container\">\n\t\t\t\t\t\t\t\t\t<ol><li>Alle auf www.goodtimers.com und www.meltal.si ver\u00f6ffentlichten Inhalte sind Eigentum der Unternehmen der Meltal Group. Sie d\u00fcrfen ohne Genehmigung nicht kopiert, vervielf\u00e4ltigt oder verbreitet werden. Das Meltal Business Center ist nicht verantwortlich f\u00fcr gelegentliche Probleme beim Betrieb der Websites www.goodtimers.com und www.meltal.si, m\u00f6gliche Ungenauigkeiten von Informationen und auch nicht f\u00fcr Sch\u00e4den, die durch die Verwendung unrichtiger oder unvollst\u00e4ndiger Informationen entstehen.<\/li><li>Die Websites www.goodtimers.com und www.meltal.si verwenden Cookies, die keine personenbezogenen Daten f\u00fcr den Betrieb der Website speichern. Durch die Nutzung der Website stimmen die Besucher der Verwendung zu.<\/li><\/ol>\t\t\t\t\t\t\t\t<\/div>\n\t\t\t\t<\/div>\n\t\t\t\t\t<\/div>\n\t\t<\/div>\n\t\t\t\t\t<\/div>\n\t\t<\/section>\n\t\t\t\t<\/div>","protected":false},"excerpt":{"rendered":"<p>Rechtlicher Hinweis Die Allgemeinen Gesch\u00e4ftsbedingungen von Meltal Rado Sne\u017ei\u010d doo umfassen die T\u00e4tigkeit der Wartung, Lagerung, des Kaufs, der Vermietung und aller Arten der Werbung f\u00fcr Oldtimer im Rahmen der Marke GOODTIMERS\u2122, des Meltal Business Centers und dar\u00fcber hinaus. Die wesentlichen Merkmale der einzelnen GOODTIMERS\u2122-Fahrzeuge und ihrer Teile sind in der Beschreibung jedes Fahrzeugs definiert. Alle Preise sind in Euro und inklusive Mehrwertsteuer, sofern nicht [...]<\/p>","protected":false},"author":1,"featured_media":0,"parent":0,"menu_order":0,"comment_status":"closed","ping_status":"closed","template":"","meta":{"footnotes":""},"class_list":["post-1771","page","type-page","status-publish","hentry"],"_links":{"self":[{"href":"https:\/\/goodtimers.si\/de\/wp-json\/wp\/v2\/pages\/1771","targetHints":{"allow":["GET"]}}],"collection":[{"href":"https:\/\/goodtimers.si\/de\/wp-json\/wp\/v2\/pages"}],"about":[{"href":"https:\/\/goodtimers.si\/de\/wp-json\/wp\/v2\/types\/page"}],"author":[{"embeddable":true,"href":"https:\/\/goodtimers.si\/de\/wp-json\/wp\/v2\/users\/1"}],"replies":[{"embeddable":true,"href":"https:\/\/goodtimers.si\/de\/wp-json\/wp\/v2\/comments?post=1771"}],"version-history":[{"count":0,"href":"https:\/\/goodtimers.si\/de\/wp-json\/wp\/v2\/pages\/1771\/revisions"}],"wp:attachment":[{"href":"https:\/\/goodtimers.si\/de\/wp-json\/wp\/v2\/media?parent=1771"}],"curies":[{"name":"wp","href":"https:\/\/api.w.org\/{rel}","templated":true}]}}