{"id":1763,"date":"2022-09-26T15:06:03","date_gmt":"2022-09-26T15:06:03","guid":{"rendered":"https:\/\/goodtimers.brink.si\/?page_id=1763"},"modified":"2022-09-26T16:04:18","modified_gmt":"2022-09-26T16:04:18","slug":"pogoji-in-pravila-najema","status":"publish","type":"page","link":"https:\/\/goodtimers.si\/de\/pogoji-in-pravila-najema\/","title":{"rendered":"ALLGEMEINE GESCH\u00c4FTSBEDINGUNGEN F\u00dcR DIE AUTOVERMIETUNG VON GOODTIMERS"},"content":{"rendered":"<div data-elementor-type=\"wp-page\" data-elementor-id=\"1763\" class=\"elementor elementor-1763\" data-elementor-post-type=\"page\">\n\t\t\t\t\t\t<section class=\"elementor-section elementor-top-section elementor-element elementor-element-3f76b9d elementor-section-boxed elementor-section-height-default elementor-section-height-default\" data-id=\"3f76b9d\" data-element_type=\"section\">\n\t\t\t\t\t\t<div class=\"elementor-container elementor-column-gap-default\">\n\t\t\t\t\t<div class=\"elementor-column elementor-col-100 elementor-top-column elementor-element elementor-element-b2a1b40\" data-id=\"b2a1b40\" data-element_type=\"column\">\n\t\t\t<div class=\"elementor-widget-wrap elementor-element-populated\">\n\t\t\t\t\t\t<div class=\"elementor-element elementor-element-31bfaa5 elementor-widget elementor-widget-heading\" data-id=\"31bfaa5\" data-element_type=\"widget\" data-widget_type=\"heading.default\">\n\t\t\t\t<div class=\"elementor-widget-container\">\n\t\t\t\t\t<h2 class=\"elementor-heading-title elementor-size-default\">ALLGEMEINE GESCH\u00c4FTSBEDINGUNGEN F\u00dcR DIE AUTOVERMIETUNG VON GOODTIMERS\n<\/h2>\t\t\t\t<\/div>\n\t\t\t\t<\/div>\n\t\t\t\t<div class=\"elementor-element elementor-element-086df11 elementor-widget elementor-widget-heading\" data-id=\"086df11\" data-element_type=\"widget\" data-widget_type=\"heading.default\">\n\t\t\t\t<div class=\"elementor-widget-container\">\n\t\t\t\t\t<h3 class=\"elementor-heading-title elementor-size-default\">FAHRZEUGRESERVIERUNG\n<\/h3>\t\t\t\t<\/div>\n\t\t\t\t<\/div>\n\t\t\t\t<div class=\"elementor-element elementor-element-d7997e8 elementor-widget elementor-widget-text-editor\" data-id=\"d7997e8\" data-element_type=\"widget\" data-widget_type=\"text-editor.default\">\n\t\t\t\t<div class=\"elementor-widget-container\">\n\t\t\t\t\t\t\t\t\t<p>1. Der Kunde ist f\u00fcr die Richtigkeit der Angaben zum Mieter und zur Mietdauer verantwortlich.<br \/>2. Bei Reservierung eines Autos und eines Zeitfensters wird eine Reservierungskaution in H\u00f6he von EUR 100,00 geleistet, die die Reservierung von Fahrzeug und Fahrer im gew\u00fcnschten Zeitfenster garantiert.<br \/>3. Reservierungen sind maximal 30 Tage g\u00fcltig.<br \/>4. Im Falle einer Stornierung der Reservierung durch den Kunden wird die Anzahlung nicht zur\u00fcckerstattet.<br \/>5. Der Restbetrag der Miete muss f\u00fcnf Tage vor der Anmietung vollst\u00e4ndig beglichen werden.<br \/>6. Sind die genannten Voraussetzungen nicht erf\u00fcllt, ist die Anmietung nicht m\u00f6glich.<\/p>\t\t\t\t\t\t\t\t<\/div>\n\t\t\t\t<\/div>\n\t\t\t\t<div class=\"elementor-element elementor-element-9149309 elementor-widget elementor-widget-heading\" data-id=\"9149309\" data-element_type=\"widget\" data-widget_type=\"heading.default\">\n\t\t\t\t<div class=\"elementor-widget-container\">\n\t\t\t\t\t<h3 class=\"elementor-heading-title elementor-size-default\">VERWENDUNG DES FAHRZEUGS\n<\/h3>\t\t\t\t<\/div>\n\t\t\t\t<\/div>\n\t\t\t\t<div class=\"elementor-element elementor-element-69de7dc elementor-widget elementor-widget-text-editor\" data-id=\"69de7dc\" data-element_type=\"widget\" data-widget_type=\"text-editor.default\">\n\t\t\t\t<div class=\"elementor-widget-container\">\n\t\t\t\t\t\t\t\t\t<p>1. Das Fahrzeug darf nur von einem Goodtimers-Fahrer gefahren werden, der im Fahrzeugmietpreis enthalten ist.<br \/>2. Das Rauchen ist im Fahrzeug nicht gestattet.<br \/>3. Die maximale Anzahl der Passagiere h\u00e4ngt vom Fahrzeugmodell ab und wird zum Zeitpunkt der Buchung festgelegt.<\/p>\t\t\t\t\t\t\t\t<\/div>\n\t\t\t\t<\/div>\n\t\t\t\t<div class=\"elementor-element elementor-element-3a5cf44 elementor-widget elementor-widget-heading\" data-id=\"3a5cf44\" data-element_type=\"widget\" data-widget_type=\"heading.default\">\n\t\t\t\t<div class=\"elementor-widget-container\">\n\t\t\t\t\t<h3 class=\"elementor-heading-title elementor-size-default\">VERANTWORTUNG\n<\/h3>\t\t\t\t<\/div>\n\t\t\t\t<\/div>\n\t\t\t\t<div class=\"elementor-element elementor-element-8f1b2c0 elementor-widget elementor-widget-text-editor\" data-id=\"8f1b2c0\" data-element_type=\"widget\" data-widget_type=\"text-editor.default\">\n\t\t\t\t<div class=\"elementor-widget-container\">\n\t\t\t\t\t\t\t\t\t<p>1. Die Anmietung eines Fahrzeugs beinhaltet die notwendigen Pflichtversicherungen \u2013 Insassen, Auto und Haftpflicht.<br \/>2. F\u00fcr den Fall, dass das reservierte Fahrzeug (aus Gr\u00fcnden h\u00f6herer Gewalt) nicht verf\u00fcgbar ist, stellen wir dem Kunden ein vergleichbares Fahrzeug zur Verf\u00fcgung.<br \/>In diesem Fall hat der Kunde die M\u00f6glichkeit, vom Vertrag zur\u00fcckzutreten und hat Anspruch auf R\u00fcckerstattung der f\u00fcr die Miete geleisteten Kaution.<br \/>3. Goodtimers ist nicht verantwortlich f\u00fcr Verz\u00f6gerungen aufgrund von unvorhergesehenen Notfall-Verkehrsbedingungen oder Verkehrsstaus. Goodtimers ist nicht verantwortlich f\u00fcr<br \/>Einschr\u00e4nkungen hinsichtlich der Zug\u00e4nglichkeit von Fahrzeugen an jedem Ort.<br \/>4. Die Versicherung deckt keine Fahrzeugsch\u00e4den ab, die nicht die Folge eines Verkehrsunfalls sind. Bei inneren oder \u00e4u\u00dferen Sch\u00e4den an<br \/>am Fahrzeug unmittelbar durch den Auftraggeber oder mittelbar durch seine G\u00e4ste oder sonstige mit der Veranstaltung des Auftraggebers in Zusammenhang stehende Personen verursacht werden,<br \/>der Kunde tr\u00e4gt die Reparaturkosten vollumf\u00e4nglich.<br \/>5. Der Fahrer beh\u00e4lt sich das Recht vor, die Reservierung zu stornieren, wenn der Kunde oder die Passagiere eine \u00fcberm\u00e4\u00dfige Versp\u00e4tung verursachen, unordentlich sind, Sch\u00e4den verursachen oder sind<br \/>nach Meinung des Fahrers f\u00fcr die Reise ungeeignet.<\/p>\t\t\t\t\t\t\t\t<\/div>\n\t\t\t\t<\/div>\n\t\t\t\t\t<\/div>\n\t\t<\/div>\n\t\t\t\t\t<\/div>\n\t\t<\/section>\n\t\t\t\t<\/div>","protected":false},"excerpt":{"rendered":"<p>GESCH\u00c4FTSBEDINGUNGEN UND REGELN DER GOODTIMERS FAHRZEUGVERMIETUNG FAHRZEUGRESERVIERUNG 1. Der Kunde ist f\u00fcr die Richtigkeit der Angaben zum Mieter und zur Mietdauer verantwortlich. 2. Bei der Reservierung eines Autos und eines Zeitfensters wird eine Reservierungsanzahlung in H\u00f6he von EUR 100,00 geleistet, die die Reservierung von Fahrzeug und Fahrer im gew\u00fcnschten Zeitfenster garantiert. 3. Reservierungen sind maximal 30 Tage g\u00fcltig. 4. Im Falle einer Stornierung der Reservierung [...]<\/p>","protected":false},"author":1,"featured_media":0,"parent":0,"menu_order":0,"comment_status":"closed","ping_status":"closed","template":"","meta":{"footnotes":""},"class_list":["post-1763","page","type-page","status-publish","hentry"],"_links":{"self":[{"href":"https:\/\/goodtimers.si\/de\/wp-json\/wp\/v2\/pages\/1763","targetHints":{"allow":["GET"]}}],"collection":[{"href":"https:\/\/goodtimers.si\/de\/wp-json\/wp\/v2\/pages"}],"about":[{"href":"https:\/\/goodtimers.si\/de\/wp-json\/wp\/v2\/types\/page"}],"author":[{"embeddable":true,"href":"https:\/\/goodtimers.si\/de\/wp-json\/wp\/v2\/users\/1"}],"replies":[{"embeddable":true,"href":"https:\/\/goodtimers.si\/de\/wp-json\/wp\/v2\/comments?post=1763"}],"version-history":[{"count":0,"href":"https:\/\/goodtimers.si\/de\/wp-json\/wp\/v2\/pages\/1763\/revisions"}],"wp:attachment":[{"href":"https:\/\/goodtimers.si\/de\/wp-json\/wp\/v2\/media?parent=1763"}],"curies":[{"name":"wp","href":"https:\/\/api.w.org\/{rel}","templated":true}]}}